{"id":330,"date":"2025-04-01T16:28:21","date_gmt":"2025-04-01T14:28:21","guid":{"rendered":"https:\/\/orga25-aktive-senioren-pinneberg.de\/wporg25\/wordpress\/?page_id=330"},"modified":"2026-03-07T17:29:44","modified_gmt":"2026-03-07T16:29:44","slug":"wir-ueber-uns","status":"publish","type":"page","link":"https:\/\/orga25-aktive-senioren-pinneberg.de\/wporg25\/wordpress\/?page_id=330","title":{"rendered":"Wir \u00fcber uns"},"content":{"rendered":"<h2>Unser Club wurde im Jahr 1980 gegr\u00fcndet und als Verein \u201eClub Aktive Senioren Pinneberg e.V.\u201c am 02. August 1988 ins Vereinsregister eingetragen. Wir hatten inzwischen eine wechselnde Anzahl von Mitgliedern und waren auch schon mal 113 Personen. Wir haben keine untere Altersgrenze f\u00fcr die Aufnahme, denken aber, dass man sich durchaus schon ab 60 Jahren als Mitglied wohlf\u00fchlen kann.<\/h2>\n<h2>Mit unseren Treffen im <a href=\"https:\/\/maps.app.goo.gl\/4jigXdySmfnXBeSr8\" target=\"_blank\" rel=\"noopener\">Sch\u00fctzenhof<\/a> in Borstel-Hohenraden (Bushaltestelle: &#8222;Hohenraden, Harbrookweg&#8220; ) und mit unseren Reisen wollen wir auch etwas gegen die \u201eVereinsamung\u201c im Alter bewirken. Auf unseren Treffen wird nicht nur Kaffee und Kuchen serviert, sondern es werden danach auch Vortr\u00e4ge gehalten, Bilder von Reisen gezeigt, auch Modeschauen zelebriert oder Lieder, auch zum Mitsingen mit Instrumenten begleitet, gesungen. So entsteht ein \u201eRaum der Begegnungen\u201c und es entstehen auch Bekanntschaften und Freundschaften.<\/h2>\n<h2>Wir organisieren Tagesreisen oder auch Mehrtagesreisen mit Sonderkonditionen mit den Reisebus-Unternehmen &#8222;Reisering&#8220; und &#8222;Schmidt-Westerhorn&#8220;. Bei Tagesreisen werden die Teilnehmer entweder\u00a0 in und um Pinneberg mit dem Bus an bestimmten Haltestellen abgeholt (Link: <a href=\"https:\/\/orga25-aktive-senioren-pinneberg.de\/wporg25\/wordpress\/wp-content\/uploads\/Bushaltestellen_01_2025.pdf\" target=\"_blank\" rel=\"noopener\">&#8222;Bushaltestellen&#8220;<\/a>) oder vom &#8222;alten&#8220; Marktplatz und dem ZOB am S-Bahnhof Pinneberg. Bei Mehrtagesreisen \u00a0werden die Teilnehmer i.A. mit Sammeltaxen von der Wohnung abgeholt. Die Busse von Reisering fahren dann i.A. vom Busbahnhof in Hamburg ab. Genaueres bitte den jeweiligen Infobl\u00e4ttern der einzelnen Reisen entnehmen.<\/h2>\n<h2>G\u00e4ste, die sich f\u00fcr unser Angebot interessieren, sind gerne gesehen. Die Termine f\u00fcr unsere Treffen werden <a href=\"https:\/\/orga25-aktive-senioren-pinneberg.de\/wporg25\/wordpress\/\">hier aktuell<\/a> angezeigt. Die Termine der Treffen im Jahr sind in unserem Terminkalender unter &#8222;<a href=\"https:\/\/orga25-aktive-senioren-pinneberg.de\/wporg25\/wordpress\/?page_id=610\">Mittwochtreffen<\/a>&#8220; und die Reisen unter &#8222;Unsere Reisen und Ausfl\u00fcge 2026&#8220; (<a href=\"https:\/\/orga25-aktive-senioren-pinneberg.de\/wporg25\/wordpress\/?page_id=675\">Reisen in 2026<\/a> und <a href=\"https:\/\/orga25-aktive-senioren-pinneberg.de\/wporg25\/wordpress\/?page_id=597\">Ausfl\u00fcge in 2026<\/a>).<\/h2>\n<h2>F\u00fcr Nachrichten oder Kommentare senden Sie gerne eine <a href=\"mailto:vorstand@club-aktive-senioren-pinneberg.de\">Mail an den Vorstand<\/a>.<\/h2>\n","protected":false},"excerpt":{"rendered":"<p>Unser Club wurde im Jahr 1980 gegr\u00fcndet und als Verein \u201eClub Aktive Senioren Pinneberg e.V.\u201c am 02. August 1988 ins Vereinsregister eingetragen. Wir hatten inzwischen eine wechselnde Anzahl von Mitgliedern und waren auch schon mal 113 Personen. Wir haben keine untere Altersgrenze f\u00fcr die Aufnahme, denken aber, dass man sich durchaus schon ab 60 Jahren &hellip; <\/p>\n<p class=\"link-more\"><a href=\"https:\/\/orga25-aktive-senioren-pinneberg.de\/wporg25\/wordpress\/?page_id=330\" class=\"more-link\"><span class=\"screen-reader-text\">\u201eWir \u00fcber uns\u201c <\/span>weiterlesen<\/a><\/p>\n","protected":false},"author":1,"featured_media":0,"parent":0,"menu_order":0,"comment_status":"closed","ping_status":"closed","template":"","meta":{"_themeisle_gutenberg_block_has_review":false,"footnotes":""},"class_list":["post-330","page","type-page","status-publish","hentry"],"_links":{"self":[{"href":"https:\/\/orga25-aktive-senioren-pinneberg.de\/wporg25\/wordpress\/index.php?rest_route=\/wp\/v2\/pages\/330","targetHints":{"allow":["GET"]}}],"collection":[{"href":"https:\/\/orga25-aktive-senioren-pinneberg.de\/wporg25\/wordpress\/index.php?rest_route=\/wp\/v2\/pages"}],"about":[{"href":"https:\/\/orga25-aktive-senioren-pinneberg.de\/wporg25\/wordpress\/index.php?rest_route=\/wp\/v2\/types\/page"}],"author":[{"embeddable":true,"href":"https:\/\/orga25-aktive-senioren-pinneberg.de\/wporg25\/wordpress\/index.php?rest_route=\/wp\/v2\/users\/1"}],"replies":[{"embeddable":true,"href":"https:\/\/orga25-aktive-senioren-pinneberg.de\/wporg25\/wordpress\/index.php?rest_route=%2Fwp%2Fv2%2Fcomments&post=330"}],"version-history":[{"count":18,"href":"https:\/\/orga25-aktive-senioren-pinneberg.de\/wporg25\/wordpress\/index.php?rest_route=\/wp\/v2\/pages\/330\/revisions"}],"predecessor-version":[{"id":701,"href":"https:\/\/orga25-aktive-senioren-pinneberg.de\/wporg25\/wordpress\/index.php?rest_route=\/wp\/v2\/pages\/330\/revisions\/701"}],"wp:attachment":[{"href":"https:\/\/orga25-aktive-senioren-pinneberg.de\/wporg25\/wordpress\/index.php?rest_route=%2Fwp%2Fv2%2Fmedia&parent=330"}],"curies":[{"name":"wp","href":"https:\/\/api.w.org\/{rel}","templated":true}]}}