{"id":460,"date":"2025-06-05T22:03:07","date_gmt":"2025-06-05T20:03:07","guid":{"rendered":"https:\/\/orga25-aktive-senioren-pinneberg.de\/wporg25\/wordpress\/?page_id=460"},"modified":"2025-07-25T17:35:04","modified_gmt":"2025-07-25T15:35:04","slug":"impressum","status":"publish","type":"page","link":"https:\/\/orga25-aktive-senioren-pinneberg.de\/wporg25\/wordpress\/?page_id=460","title":{"rendered":"Impressum"},"content":{"rendered":"<h1><strong><strong>Impressum <\/strong><\/strong><\/h1>\n<h2><strong><strong>Club Aktive Senioren Pinneberg e.V.<\/strong><\/strong><\/h2>\n<h2><strong><strong>Angaben gem\u00e4\u00df \u00a7 5 TMG<\/strong><\/strong><\/h2>\n<p><strong>Name und Sitz des Vereins:<\/strong><br \/>\nClub Aktive Senioren Pinneberg e.V.<br \/>\nDeepenbrookweg 1,<br \/>\n25494 Borstel-Hohenraden<br \/>\nTelefon: 04101-793886<\/p>\n<p><strong><strong>Vertreten durch:<\/strong><\/strong><br \/>\n1. Vorsitzender: Dietrich Ramert<br \/>\n2. Vorsitzende: Erika Rapp<\/p>\n<p><strong>Kontakt: <\/strong><br \/>\n<a href=\"mailto:vorstand@Club-Aktive-Senioren-Pinneberg.de?subject=Kontakt\">Mail an den Vorstand<\/a>\u00a0 \u00a0 \u00a0 *)1 oder<br \/>\n<a href=\"mailto:orga-team@club-aktive-senioren-pinneberg.de\">Mail an das Orga-Team<\/a>\u00a0 *)3<\/p>\n<p><strong>Registereintrag: <\/strong><br \/>\nEintragung im Vereinsregister,<br \/>\nRegistergericht Pinneberg<br \/>\nRegisternummer: VR 802 PI<\/p>\n<p><strong>Verantwortlich f\u00fcr den Inhalt nach \u00a755 Abs.2 RSTV:<\/strong><br \/>\nDer Vorstand (s.o.)<\/p>\n<p><strong>Administrator der Webseite: <\/strong><br \/>\nWebmaster: Dietrich Ramert<br \/>\n<a href=\"mailto:webmaster@Club-Aktive-Senioren-Pinneberg.de\">Mail an den Webmaster<\/a>\u00a0 *)2<\/p>\n<p><strong>Streitschlichtung: <\/strong><br \/>\nDie Europ\u00e4ische Kommission stellt seine Plattform zur Online-Streitbelegung bereit.<br \/>\nhttps:\/\/ec.europa.eu\/consumers\/odr<br \/>\nUnsere E-Mail-Adresse: <a href=\"mailto:vorstand@Club-Aktive-Senioren-Pinneberg.de?subject=Kontakt\">Mail an den Vorstand<\/a> *)1<\/p>\n<p><strong>Haftung f\u00fcr Inhalte: <\/strong><br \/>\nAls Dienstanbieter sind wir gem\u00e4\u00df \u00a77 Abs.1 TMG f\u00fcr eigene Inhalte auf diesen Seiten nach den allgemeinen Gesetzen verantwortlich. Nach \u00a7\u00a78 10 TMG sind wir als Dienstanbieter jedoch nicht verpflichtet, \u00fcbermittelte oder gespeicherte fremde Informationen zu \u00fcberwachen oder nach Umst\u00e4nden zu forschen, die auf eine rechtswidrige T\u00e4tigkeit hinweisen.<br \/>\nVerpflichtungen zur Entfernung oder Sperrung der Nutzung von Informationen nach den allgemeinen Gesetzen bleiben hiervon unber\u00fchrt. Eine diesbez\u00fcgliche Haftung ist jedoch erst ab dem Zeitpunkt der Kenntnis einer konkreten Rechtsverletzung m\u00f6glich. Bei Bekanntwerden von entsprechenden Rechtsverletzungen werden wir diese Inhalte umgehend entfernen.<\/p>\n<p><strong>Haftung f\u00fcr Links: <\/strong><br \/>\nUnser Angebot enth\u00e4lt Links zu externen Webseiten Dritter, auf deren Inhalte wir keinen Einfluss haben. Deshalb k\u00f6nnen wir f\u00fcr diese Inhalte auch keine Gew\u00e4hr \u00fcbernehmen. F\u00fcr die Inhalte der verlinkten Seiten ist stets der jeweilige Anbieter oder Betreiber der Seiten verantwortlich. Die verlinkten Seiten wurden zum Zeitpunkt der Verlinkung auf m\u00f6gliche Rechtsverst\u00f6\u00dfe \u00fcberpr\u00fcft. Rechtswidrige Inhalte waren zur Zeit der Verlinkung nicht erkennbar.<br \/>\nEine permanente inhaltliche Kontrolle der verlinkten Seiten ist jedoch ohne konkrete Anhaltspunkte einer Rechtsverletzung nicht zumutbar. Bei Bekanntwerden von Rechtsverletzungen werden wir derartige Links umgehend entfernen.<\/p>\n<p><strong>Urheberrecht: <\/strong><br \/>\nDie durch die Seitenbetreiber erstellten Inhalte und Werke auf diesen Seiten unterliegen dem deutschen Urheberrecht. Die Vervielf\u00e4ltigung, Bearbeitung, Verbreitung und jede Art der Verwendung au\u00dferhalb der Grenzen des Urheberrechts bed\u00fcrfen der schriftlichen Zustimmung des jeweiligen Autors bzw. Erstellers. Downloads und Kopien dieser Seite sind nur f\u00fcr den privaten, nicht kommerziellen Gebrauch gestattet.<\/p>\n<p>Soweit die Inhalte auf dieser Seite nicht vom Betreiber erstellt wurden, werden die Urheberechte Dritter beachtet. Insbesondere werden Inhalte Dritter als solche gekennzeichnet. Sollten Sie trotzdem auf eine Urheberrechtsverletzung aufmerksam werden, bitten wir um einen entsprechenden Hinweis. Bei Bekanntwerden von Rechtsverletzungen werden wir derartige Inhalte umgehend entfernen<\/p>\n<p>*)1 = <a href=\"mailto:vorstand@club-aktive-senioren-pinneberg.de\">vorstand@club-aktive-senioren-pinneberg.de<\/a><br \/>\n*)2 = <a href=\"mailto:webmaster@club-aktive-senioren-pinneberg.de\">webmaster@club-aktive-senioren-pinneberg.de<\/a><br \/>\n*)3 = <a href=\"mailto:orga-team@club-aktive-senioren-pinneberg.de\">orga-team@club-aktive-senioren-pinneberg.de<\/a><\/p>\n","protected":false},"excerpt":{"rendered":"<p>Impressum Club Aktive Senioren Pinneberg e.V. Angaben gem\u00e4\u00df \u00a7 5 TMG Name und Sitz des Vereins: Club Aktive Senioren Pinneberg e.V. Deepenbrookweg 1, 25494 Borstel-Hohenraden Telefon: 04101-793886 Vertreten durch: 1. Vorsitzender: Dietrich Ramert 2. Vorsitzende: Erika Rapp Kontakt: Mail an den Vorstand\u00a0 \u00a0 \u00a0 *)1 oder Mail an das Orga-Team\u00a0 *)3 Registereintrag: Eintragung im Vereinsregister, &hellip; <\/p>\n<p class=\"link-more\"><a href=\"https:\/\/orga25-aktive-senioren-pinneberg.de\/wporg25\/wordpress\/?page_id=460\" class=\"more-link\"><span class=\"screen-reader-text\">\u201eImpressum\u201c <\/span>weiterlesen<\/a><\/p>\n","protected":false},"author":1,"featured_media":0,"parent":0,"menu_order":0,"comment_status":"closed","ping_status":"closed","template":"","meta":{"_themeisle_gutenberg_block_has_review":false,"footnotes":""},"class_list":["post-460","page","type-page","status-publish","hentry"],"_links":{"self":[{"href":"https:\/\/orga25-aktive-senioren-pinneberg.de\/wporg25\/wordpress\/index.php?rest_route=\/wp\/v2\/pages\/460","targetHints":{"allow":["GET"]}}],"collection":[{"href":"https:\/\/orga25-aktive-senioren-pinneberg.de\/wporg25\/wordpress\/index.php?rest_route=\/wp\/v2\/pages"}],"about":[{"href":"https:\/\/orga25-aktive-senioren-pinneberg.de\/wporg25\/wordpress\/index.php?rest_route=\/wp\/v2\/types\/page"}],"author":[{"embeddable":true,"href":"https:\/\/orga25-aktive-senioren-pinneberg.de\/wporg25\/wordpress\/index.php?rest_route=\/wp\/v2\/users\/1"}],"replies":[{"embeddable":true,"href":"https:\/\/orga25-aktive-senioren-pinneberg.de\/wporg25\/wordpress\/index.php?rest_route=%2Fwp%2Fv2%2Fcomments&post=460"}],"version-history":[{"count":12,"href":"https:\/\/orga25-aktive-senioren-pinneberg.de\/wporg25\/wordpress\/index.php?rest_route=\/wp\/v2\/pages\/460\/revisions"}],"predecessor-version":[{"id":483,"href":"https:\/\/orga25-aktive-senioren-pinneberg.de\/wporg25\/wordpress\/index.php?rest_route=\/wp\/v2\/pages\/460\/revisions\/483"}],"wp:attachment":[{"href":"https:\/\/orga25-aktive-senioren-pinneberg.de\/wporg25\/wordpress\/index.php?rest_route=%2Fwp%2Fv2%2Fmedia&parent=460"}],"curies":[{"name":"wp","href":"https:\/\/api.w.org\/{rel}","templated":true}]}}