{"id":610,"date":"2026-01-05T16:54:58","date_gmt":"2026-01-05T15:54:58","guid":{"rendered":"https:\/\/orga25-aktive-senioren-pinneberg.de\/wporg25\/wordpress\/?page_id=610"},"modified":"2026-02-12T19:29:18","modified_gmt":"2026-02-12T18:29:18","slug":"unsere-mittwochtreffen-2026-2","status":"publish","type":"page","link":"https:\/\/orga25-aktive-senioren-pinneberg.de\/wporg25\/wordpress\/?page_id=610","title":{"rendered":"Unsere Mittwoch-Treffen 2026"},"content":{"rendered":"<h2><\/h2>\n<h2>Die Mittwochtreffen sind f\u00fcr 2026 im Termin festgelegt. Die Beitr\u00e4ge sind aber ab Juli noch in Planung.<\/h2>\n<h2>Es ist gew\u00fcnscht, sich f\u00fcr das n\u00e4chste Mittwochtreffen anzumelden! Anmelden ist auch wegen der Bestellung von Kuchen, K\u00e4se- oder Schinken-Brot auf dem Mittwochtreff vor dem n\u00e4chsten Termin erforderlich, oder bei Frau Erika Rapp, Tel. 0176-57653329 &#8211; Anmeldeschluss: eine\u00a0 Woche vor dem Termin.<\/h2>\n<h2>Bei unentschuldigtem Fehlen sind zum Ausgleich der entstandenen Kosten 10,00 Euro an die Vereinskasse zu zahlen.<\/h2>\n<h2>Programm\u00e4nderungen behalten wir uns vor.<\/h2>\n<h2><strong>\u00a014. Januar\u00a0 \u00a0 \u00a0 \u00a0 \u00a0 \u00a014:30 Uhr\u00a0\u00a0<\/strong> Voraussichtlich spricht unser B\u00fcrgermeister von Borstel-Hohenraden, Herr Harm K\u00e4hler, \u00fcber seine Arbeit und die\u00a0Aufgaben in unserem Ort.<\/h2>\n<h2>Wegen eines Missverst\u00e4ndnisses, \u00e4ndert sich der folgende Termin vom <span style=\"color: #ff0000;\">04. Februar<\/span> auf den <span style=\"color: #ff0000;\">11. Februar<\/span>.<br \/>\n<strong><span style=\"color: #ff0000;\">11. Februar<\/span>\u00a0 \u00a0 \u00a0 \u00a0 \u00a012:30 Uhr\u00a0\u00a0 <\/strong>Annelotte serviert uns Gr\u00fcnkohl, anschlie\u00dfend berichtet Ursula Sydow dar\u00fcber, wie Wildkr\u00e4uter f\u00fcr die K\u00fcche genutzt werden k\u00f6nnen und zeigt dazu Bilder.<\/h2>\n<h2><strong>\u00a0<span style=\"color: #ff0000;\">11. Februar<\/span>\u00a0 \u00a0 \u00a0 \u00a0 \u00a014:30 Uhr\u00a0 \u00a0<\/strong>au\u00dferordentliche Mitgliederversammlung, danach Kaffee und Kuchen vom Blech<\/h2>\n<h2><strong>\u00a004. M\u00e4rz\u00a0 \u00a0 \u00a0 \u00a0 \u00a0 \u00a0 \u00a0 14:30 Uhr\u00a0<\/strong> Es unterh\u00e4lt uns die &#8222;<a href=\"https:\/\/orga25-aktive-senioren-pinneberg.de\/wporg25\/wordpress\/wp-content\/uploads\/Harfies-Flyer.pdf\" target=\"_blank\" rel=\"noopener\">Borsteler-Zupfharfen-Runde<\/a>&#8222;. In der Pause liest uns Annemarie Jessen einige Kurzgeschichten in Plattdeutsch vor.<\/h2>\n<h2><strong>\u00a008. April\u00a0 \u00a0 \u00a0 \u00a0 \u00a0 \u00a0 \u00a0 \u00a0 14:30 Uhr\u00a0 <\/strong>Dieses Mittwochtreffen f\u00e4llt leider wegen Betriebsfereien des Sch\u00fctzenhofs aus.<\/h2>\n<h2><strong>\u00a006. Mai\u00a0 \u00a0 \u00a0 \u00a0 \u00a0 \u00a0 \u00a0 \u00a0 \u00a0 <span style=\"color: #ff0000;\">13:30<\/span> <span style=\"color: #ff0000;\">Uhr<\/span>\u00a0<\/strong>Kaffee und Kuchen, anschlie\u00dfend\u00a0die Jahreshauptversammlung, danach\u00a0\u00a0Sommer-Mode mit Frank Schiewe, ModEmilia<\/h2>\n<h2><strong>\u00a003. Juni\u00a0 \u00a0 \u00a0 \u00a0 \u00a0 \u00a0 \u00a0 \u00a0 \u00a0 14:30 Uhr\u00a0\u00a0<\/strong> Zukunftsquiz mit &#8222;Omas for Future\u201c<\/h2>\n<h2><strong>\u00a001. Juli\u00a0 \u00a0 \u00a0 \u00a0 \u00a0 \u00a0 \u00a0 \u00a0 \u00a0 \u00a0 14:30 Uhr\u00a0\u00a0 <\/strong><\/h2>\n<h2><strong>\u00a005. August\u00a0 \u00a0 \u00a0 \u00a0 \u00a0 12:30 Uhr\u00a0\u00a0 <\/strong>Grillfest im Garten von Annelotte<\/h2>\n<h2><strong>\u00a002. September\u00a0 \u00a0 14:30 Uhr\u00a0\u00a0 <\/strong><\/h2>\n<h2><strong>\u00a007. Oktober\u00a0 \u00a0 \u00a0 \u00a0 14:30 Uhr\u00a0\u00a0 <\/strong><\/h2>\n<h2><strong>Samstag, den <span style=\"color: #ff0000;\">07<\/span>. November 11:30 Uhr <\/strong>Jahresabschlussfest<\/h2>\n<h2><strong>\u00a002. Dezember\u00a0 \u00a0 14:30 Uhr <\/strong>Adventsfeier<\/h2>\n<h3 style=\"text-align: center;\"><a href=\"https:\/\/orga25-aktive-senioren-pinneberg.de\/wporg25\/wordpress\/?page_id=98\"><strong>Unsere Mittwochtreffen 2025<\/strong><\/a><\/h3>\n","protected":false},"excerpt":{"rendered":"<p>Die Mittwochtreffen sind f\u00fcr 2026 im Termin festgelegt. Die Beitr\u00e4ge sind aber ab Juli noch in Planung. Es ist gew\u00fcnscht, sich f\u00fcr das n\u00e4chste Mittwochtreffen anzumelden! Anmelden ist auch wegen der Bestellung von Kuchen, K\u00e4se- oder Schinken-Brot auf dem Mittwochtreff vor dem n\u00e4chsten Termin erforderlich, oder bei Frau Erika Rapp, Tel. 0176-57653329 &#8211; Anmeldeschluss: eine\u00a0 &hellip; <\/p>\n<p class=\"link-more\"><a href=\"https:\/\/orga25-aktive-senioren-pinneberg.de\/wporg25\/wordpress\/?page_id=610\" class=\"more-link\"><span class=\"screen-reader-text\">\u201eUnsere Mittwoch-Treffen 2026\u201c <\/span>weiterlesen<\/a><\/p>\n","protected":false},"author":1,"featured_media":109,"parent":0,"menu_order":0,"comment_status":"closed","ping_status":"closed","template":"","meta":{"_themeisle_gutenberg_block_has_review":false,"footnotes":""},"class_list":["post-610","page","type-page","status-publish","has-post-thumbnail","hentry"],"_links":{"self":[{"href":"https:\/\/orga25-aktive-senioren-pinneberg.de\/wporg25\/wordpress\/index.php?rest_route=\/wp\/v2\/pages\/610","targetHints":{"allow":["GET"]}}],"collection":[{"href":"https:\/\/orga25-aktive-senioren-pinneberg.de\/wporg25\/wordpress\/index.php?rest_route=\/wp\/v2\/pages"}],"about":[{"href":"https:\/\/orga25-aktive-senioren-pinneberg.de\/wporg25\/wordpress\/index.php?rest_route=\/wp\/v2\/types\/page"}],"author":[{"embeddable":true,"href":"https:\/\/orga25-aktive-senioren-pinneberg.de\/wporg25\/wordpress\/index.php?rest_route=\/wp\/v2\/users\/1"}],"replies":[{"embeddable":true,"href":"https:\/\/orga25-aktive-senioren-pinneberg.de\/wporg25\/wordpress\/index.php?rest_route=%2Fwp%2Fv2%2Fcomments&post=610"}],"version-history":[{"count":16,"href":"https:\/\/orga25-aktive-senioren-pinneberg.de\/wporg25\/wordpress\/index.php?rest_route=\/wp\/v2\/pages\/610\/revisions"}],"predecessor-version":[{"id":658,"href":"https:\/\/orga25-aktive-senioren-pinneberg.de\/wporg25\/wordpress\/index.php?rest_route=\/wp\/v2\/pages\/610\/revisions\/658"}],"wp:featuredmedia":[{"embeddable":true,"href":"https:\/\/orga25-aktive-senioren-pinneberg.de\/wporg25\/wordpress\/index.php?rest_route=\/wp\/v2\/media\/109"}],"wp:attachment":[{"href":"https:\/\/orga25-aktive-senioren-pinneberg.de\/wporg25\/wordpress\/index.php?rest_route=%2Fwp%2Fv2%2Fmedia&parent=610"}],"curies":[{"name":"wp","href":"https:\/\/api.w.org\/{rel}","templated":true}]}}