{"id":675,"date":"2026-03-07T12:42:50","date_gmt":"2026-03-07T11:42:50","guid":{"rendered":"https:\/\/orga25-aktive-senioren-pinneberg.de\/wporg25\/wordpress\/?page_id=675"},"modified":"2026-03-17T14:32:28","modified_gmt":"2026-03-17T13:32:28","slug":"reisen-in-2026","status":"publish","type":"page","link":"https:\/\/orga25-aktive-senioren-pinneberg.de\/wporg25\/wordpress\/?page_id=675","title":{"rendered":"Reisen in 2026 &#8211; \u00dcbersicht"},"content":{"rendered":"<h2><strong>Hier eine \u00dcbersicht \u00fcber unsere geplanten Tages- und Mehrtages-Reisen in 2026.<\/strong><\/h2>\n<h2><strong>Eintagesreisen:<\/strong><br \/>\nAm 28. Mai 2026, Spargel &amp; Handwerkermuseum mit Wasserm\u00fchle &#8211; siehe <a href=\"https:\/\/orga25-aktive-senioren-pinneberg.de\/wporg25\/wordpress\/wp-content\/uploads\/Sittensen_Aktive_Senioren_26.pdf\" target=\"_blank\" rel=\"noopener\"><strong>Infoblatt<\/strong><\/a>.<\/h2>\n<h2>Am 16.07.2026, F\u00e4hre und Wagen in der Flusslandschaft,\u00a0 Eider \u2013 Treene \u2013 Sorge &#8211; siehe <strong><a href=\"https:\/\/orga25-aktive-senioren-pinneberg.de\/wporg25\/wordpress\/wp-content\/uploads\/Eider-Treene-Sorge_Club-Aktive-Senioren_26.pdf\" target=\"_blank\" rel=\"noopener\">Infoblatt<\/a><\/strong>.<\/h2>\n<h3>Die f\u00fcr den <strong>30.07.<\/strong> geplante Busfahrt nach Friedrichstadt (<strong><a href=\"https:\/\/orga25-aktive-senioren-pinneberg.de\/wporg25\/wordpress\/wp-content\/uploads\/Tagestour_Friedrichstadt_03.2026.pdf\" target=\"_blank\" rel=\"noopener\">Infoblatt<\/a><\/strong>) kann leider mangels der Anzahl von Teilnehmern nicht stattfinden. Wir k\u00f6nnen aber an einem der von Reisering \u00f6ffentlich angebotenen anderen Terminen mitfahren. Damit dies in einer Gruppe unseres Clubs m\u00f6glich wird (Umweg des Busses extra f\u00fcr uns nach Pinneberg), ist eine Einigung auf einen bestimmten Termin erforderlich (siehe Friedrichstadt im <strong><a href=\"https:\/\/www.reisering-hamburg.de\/tagesfahrt\/friedrichstadt-t26\/?pm-dr=20260701-20260731&amp;pm-du=1&amp;pm-dr=20260701\" target=\"_blank\" rel=\"noopener\">Katalog<\/a><\/strong>). Dies k\u00f6nnte der 12.Juni oder der 04.September sein. Siehe auch den Papierkatalog &#8222;Tagesfahrten 2026&#8220; S.54. Bitte angeben, ob beide Termine m\u00f6glich w\u00e4ren oder nur einer (welcher?) von beiden Terminen.<\/h3>\n<h2><strong>Mehrtagesreisen:<\/strong><br \/>\n07.06. \u2013 14.06.2026, Danzig &amp; Masuren, s. Reisebeschreibung und Preise auf dem <strong><a href=\"https:\/\/orga25-aktive-senioren-pinneberg.de\/wporg25\/wordpress\/wp-content\/uploads\/Masuren_Club_26.pdf\" target=\"_blank\" rel=\"noopener\">Infoblatt<\/a><\/strong>.<\/h2>\n<h2>14.08. \u2013 19.08.2026, 5-Fl\u00fcsse-Fahrt, s. Reisebeschreibung und Preise auf dem <a href=\"https:\/\/orga25-aktive-senioren-pinneberg.de\/wporg25\/wordpress\/wp-content\/uploads\/5-Fluesse_Club_26.pdf\"><strong>Infoblatt<\/strong><\/a>.<\/h2>\n<h2>20.09. \u2013 24.09.2026, Plau am See (<a href=\"https:\/\/www.ppaper.de\/b1202301\/catalogs\/2025\/5\/134\/index.html\" target=\"_blank\" rel=\"noopener\">Reisering S. 135<\/a>) oder siehe <strong><a href=\"https:\/\/orga25-aktive-senioren-pinneberg.de\/wporg25\/wordpress\/wp-content\/uploads\/Plau_am_See_page0135.pdf\" target=\"_blank\" rel=\"noopener\">Infoblatt<\/a><\/strong>.<\/h2>\n<h2>Das Anmeldeformular f\u00fcr unsere Reisen in 2026 ist <a href=\"https:\/\/orga25-aktive-senioren-pinneberg.de\/wporg25\/wordpress\/wp-content\/uploads\/Anmeldung_zu_unseren_Reisen_2026_02.pdf\" target=\"_blank\" rel=\"noopener\"><strong>hier<\/strong><\/a> zu finden.<\/h2>\n","protected":false},"excerpt":{"rendered":"<p>Hier eine \u00dcbersicht \u00fcber unsere geplanten Tages- und Mehrtages-Reisen in 2026. Eintagesreisen: Am 28. Mai 2026, Spargel &amp; Handwerkermuseum mit Wasserm\u00fchle &#8211; siehe Infoblatt. Am 16.07.2026, F\u00e4hre und Wagen in der Flusslandschaft,\u00a0 Eider \u2013 Treene \u2013 Sorge &#8211; siehe Infoblatt. Die f\u00fcr den 30.07. geplante Busfahrt nach Friedrichstadt (Infoblatt) kann leider mangels der Anzahl von &hellip; <\/p>\n<p class=\"link-more\"><a href=\"https:\/\/orga25-aktive-senioren-pinneberg.de\/wporg25\/wordpress\/?page_id=675\" class=\"more-link\"><span class=\"screen-reader-text\">\u201eReisen in 2026 &#8211; \u00dcbersicht\u201c <\/span>weiterlesen<\/a><\/p>\n","protected":false},"author":1,"featured_media":112,"parent":0,"menu_order":0,"comment_status":"closed","ping_status":"closed","template":"","meta":{"_themeisle_gutenberg_block_has_review":false,"footnotes":""},"class_list":["post-675","page","type-page","status-publish","has-post-thumbnail","hentry"],"_links":{"self":[{"href":"https:\/\/orga25-aktive-senioren-pinneberg.de\/wporg25\/wordpress\/index.php?rest_route=\/wp\/v2\/pages\/675","targetHints":{"allow":["GET"]}}],"collection":[{"href":"https:\/\/orga25-aktive-senioren-pinneberg.de\/wporg25\/wordpress\/index.php?rest_route=\/wp\/v2\/pages"}],"about":[{"href":"https:\/\/orga25-aktive-senioren-pinneberg.de\/wporg25\/wordpress\/index.php?rest_route=\/wp\/v2\/types\/page"}],"author":[{"embeddable":true,"href":"https:\/\/orga25-aktive-senioren-pinneberg.de\/wporg25\/wordpress\/index.php?rest_route=\/wp\/v2\/users\/1"}],"replies":[{"embeddable":true,"href":"https:\/\/orga25-aktive-senioren-pinneberg.de\/wporg25\/wordpress\/index.php?rest_route=%2Fwp%2Fv2%2Fcomments&post=675"}],"version-history":[{"count":13,"href":"https:\/\/orga25-aktive-senioren-pinneberg.de\/wporg25\/wordpress\/index.php?rest_route=\/wp\/v2\/pages\/675\/revisions"}],"predecessor-version":[{"id":724,"href":"https:\/\/orga25-aktive-senioren-pinneberg.de\/wporg25\/wordpress\/index.php?rest_route=\/wp\/v2\/pages\/675\/revisions\/724"}],"wp:featuredmedia":[{"embeddable":true,"href":"https:\/\/orga25-aktive-senioren-pinneberg.de\/wporg25\/wordpress\/index.php?rest_route=\/wp\/v2\/media\/112"}],"wp:attachment":[{"href":"https:\/\/orga25-aktive-senioren-pinneberg.de\/wporg25\/wordpress\/index.php?rest_route=%2Fwp%2Fv2%2Fmedia&parent=675"}],"curies":[{"name":"wp","href":"https:\/\/api.w.org\/{rel}","templated":true}]}}