{"id":98,"date":"2025-03-16T12:19:20","date_gmt":"2025-03-16T11:19:20","guid":{"rendered":"https:\/\/orga25-aktive-senioren-pinneberg.de\/wporg25\/wordpress\/?page_id=98"},"modified":"2025-10-19T14:17:00","modified_gmt":"2025-10-19T12:17:00","slug":"unsere-treffen-und-reisen","status":"publish","type":"page","link":"https:\/\/orga25-aktive-senioren-pinneberg.de\/wporg25\/wordpress\/?page_id=98","title":{"rendered":"Unsere Mittwoch-Treffen 2025"},"content":{"rendered":"<h2>Es ist gew\u00fcnscht, sich f\u00fcr das n\u00e4chste Mittwochtreffen anzumelden! Anmelden ist auch wegen der Bestellung von Kuchen, K\u00e4se- oder Schinken-Brot auf dem Mittwochtreff vor dem n\u00e4chsten Termin erforderlich, oder bei Frau Erika Rapp, Tel. 0176-57653329 &#8211; Anmeldeschluss: eine\u00a0 Woche vor dem Termin.<\/h2>\n<h2>Bei unentschuldigtem Fehlen sind zum Ausgleich der entstandenen Kosten 10,00 Euro an die Vereinskasse zu zahlen.<\/h2>\n<h2>Programm\u00e4nderungen behalten wir uns vor.<\/h2>\n<h2><strong>15.\u00a0 Januar 14:30 Uhr<\/strong> Das Ehepaar Peters redet plattdeutsch mit uns. Welche Strophen kennen Sie von Herrn Pastor sien Koh?<\/h2>\n<h2><strong>05. Februar \u00a0\u00a012:30 Uhr \u00a0<\/strong>\u00a0\u00a0\u00a0 Annelotte serviert uns Gr\u00fcnkohl<\/h2>\n<h2><strong>05. Februar \u00a0\u00a0<\/strong><strong>14:00 Uhr<\/strong> \u00a0\u00a0\u00a0\u00a0 Jahreshauptversammlung, danach: Kaffee &amp; Kuchen und ein St\u00fcck Kuchen vom Blech.<\/h2>\n<h2><strong>12. M\u00e4rz \u00a0\u00a014:30 Uhr<\/strong> \u00a0\u00a0\u00a0\u00a0 Herr Dieter Sydow zeigt uns das Weserbergland mit der Deutschen M\u00e4rchenstra\u00dfe, M\u00fcnchhausen, Hameln u.v.m.<\/h2>\n<h2><strong>02. April \u00a0\u00a014:30 Uhr<\/strong> \u00a0\u00a0\u00a0 Unser Mitglied Hans Meulmann zeigt uns seine Reisefotos 2024, von den Club-Reisen: Spreewald und B\u00fcsum.<\/h2>\n<h2><strong>14. Mai \u00a0\u00a014:30 Uhr<\/strong> \u00a0\u00a0\u00a0\u00a0 Frau Angelika Dr\u00f6ge macht mit uns Tanzen im Sitzen mit der entsprechenden Musik dazu.<\/h2>\n<h2><strong>04. Juni \u00a0\u00a014:30 Uhr<\/strong> \u00a0\u00a0\u00a0\u00a0 Hartmut Tank und seine Freunde von den Pinneberger B\u00fchnen stellen sich vor.<\/h2>\n<h2><strong>09. Juli \u00a0\u00a014:30 Uhr<\/strong> \u00a0\u00a0\u00a0\u00a0 Frau Olga Albrecht wird uns\u00a0 mit ihrem Akkordeon unterhalten. Mitsingen ist angesagt.<\/h2>\n<h2><strong>13. August \u00a0 12:30 Uhr<\/strong> \u00a0\u00a0\u00a0\u00a0 Grillfest im Garten von Annelotte.<\/h2>\n<h2><strong>17. September \u00a0 14:30 Uhr<\/strong> <strong>statt am 03. September!<\/strong> Programm wie urspr\u00fcnglich vorgesehen: Herbst-Winter-Mode mit Frank Schiewe, ModEmilia.<\/h2>\n<h2><strong>08. Oktober \u00a0\u00a0 14:30 Uhr<\/strong> \u00a0\u00a0\u00a0\u00a0 Frau Sabine Semprich und Frau Angelika Reimer vom Theater Wedel sprechen \u00fcber Erich K\u00e4stner (anl. des 50. Todesjahrs 1974) und lesen aus seinen Werken.<\/h2>\n<h2><strong>Samstag!\u00a0\u00a0 01. November\u00a0\u00a0\u00a0 11:30 Uhr<\/strong> <strong>Jahresabschlussfest<\/strong> &#8211; Dieter Sydow zeigt uns Bilder einer Vorfr\u00fchlingsreise nach Litauen, insbesondere vom Kazimir Markt.<\/h2>\n<h2><strong>03. Dezember \u00a0\u00a0 14:30 Uhr<\/strong> <strong>Adventfeier<\/strong> &#8211; Christiane und Claudia Lux werden uns musikalisch unterhalten.<\/h2>\n<p>&nbsp;<\/p>\n","protected":false},"excerpt":{"rendered":"<p>Es ist gew\u00fcnscht, sich f\u00fcr das n\u00e4chste Mittwochtreffen anzumelden! Anmelden ist auch wegen der Bestellung von Kuchen, K\u00e4se- oder Schinken-Brot auf dem Mittwochtreff vor dem n\u00e4chsten Termin erforderlich, oder bei Frau Erika Rapp, Tel. 0176-57653329 &#8211; Anmeldeschluss: eine\u00a0 Woche vor dem Termin. Bei unentschuldigtem Fehlen sind zum Ausgleich der entstandenen Kosten 10,00 Euro an die &hellip; <\/p>\n<p class=\"link-more\"><a href=\"https:\/\/orga25-aktive-senioren-pinneberg.de\/wporg25\/wordpress\/?page_id=98\" class=\"more-link\"><span class=\"screen-reader-text\">\u201eUnsere Mittwoch-Treffen 2025\u201c <\/span>weiterlesen<\/a><\/p>\n","protected":false},"author":1,"featured_media":109,"parent":0,"menu_order":0,"comment_status":"closed","ping_status":"closed","template":"","meta":{"_themeisle_gutenberg_block_has_review":false,"footnotes":""},"class_list":["post-98","page","type-page","status-publish","has-post-thumbnail","hentry"],"_links":{"self":[{"href":"https:\/\/orga25-aktive-senioren-pinneberg.de\/wporg25\/wordpress\/index.php?rest_route=\/wp\/v2\/pages\/98","targetHints":{"allow":["GET"]}}],"collection":[{"href":"https:\/\/orga25-aktive-senioren-pinneberg.de\/wporg25\/wordpress\/index.php?rest_route=\/wp\/v2\/pages"}],"about":[{"href":"https:\/\/orga25-aktive-senioren-pinneberg.de\/wporg25\/wordpress\/index.php?rest_route=\/wp\/v2\/types\/page"}],"author":[{"embeddable":true,"href":"https:\/\/orga25-aktive-senioren-pinneberg.de\/wporg25\/wordpress\/index.php?rest_route=\/wp\/v2\/users\/1"}],"replies":[{"embeddable":true,"href":"https:\/\/orga25-aktive-senioren-pinneberg.de\/wporg25\/wordpress\/index.php?rest_route=%2Fwp%2Fv2%2Fcomments&post=98"}],"version-history":[{"count":44,"href":"https:\/\/orga25-aktive-senioren-pinneberg.de\/wporg25\/wordpress\/index.php?rest_route=\/wp\/v2\/pages\/98\/revisions"}],"predecessor-version":[{"id":555,"href":"https:\/\/orga25-aktive-senioren-pinneberg.de\/wporg25\/wordpress\/index.php?rest_route=\/wp\/v2\/pages\/98\/revisions\/555"}],"wp:featuredmedia":[{"embeddable":true,"href":"https:\/\/orga25-aktive-senioren-pinneberg.de\/wporg25\/wordpress\/index.php?rest_route=\/wp\/v2\/media\/109"}],"wp:attachment":[{"href":"https:\/\/orga25-aktive-senioren-pinneberg.de\/wporg25\/wordpress\/index.php?rest_route=%2Fwp%2Fv2%2Fmedia&parent=98"}],"curies":[{"name":"wp","href":"https:\/\/api.w.org\/{rel}","templated":true}]}}